{"id":779,"date":"2021-02-09T16:30:48","date_gmt":"2021-02-09T16:30:48","guid":{"rendered":"https:\/\/www.bodegalaus.es\/?page_id=779"},"modified":"2025-10-01T13:27:06","modified_gmt":"2025-10-01T11:27:06","slug":"condiciones-venta","status":"publish","type":"page","link":"https:\/\/old.bodegalaus.es\/en\/condiciones-venta\/","title":{"rendered":"Sale terms and conditions"},"content":{"rendered":"<h3 class=\"\">General terms and conditions of sale<\/h3>\n<h5>Purpose of the contract<\/h5>\n<p class=\"\">The purpose of these terms and conditions is to regulate access to the products provided by Bodega LAUS to users via its website and the system for purchasing them. These terms and conditions constitute the legal framework developing the contractual relationship. The products and content will be those available to users at the following website belonging to \u00a0<b>Bodegas LAUS S.L. https\/\/www.bodegalaus.es<\/b><\/p>\n<p>Para cualquier reclamaci\u00f3n podr\u00e1 dirigirse a: Bodega LAUS sita en Carretera N-240,Km154.8, Barbastro C.P. 22.300 (Huesca), Espa\u00f1a. O a la direcci\u00f3n de correo electr\u00f3nico: <a class=\"c-link\" href=\"mailto:tienda.laus@grupoenate.es\" target=\"_blank\" rel=\"noopener noreferrer\" data-stringify-link=\"mailto:tienda.laus@grupoenate.es\" data-sk=\"tooltip_parent\">tienda.laus@grupoenate.es<\/a><\/p>\n<h5>Acceptance and availability<\/h5>\n<p>These terms and conditions govern the legal relationship deriving from the contracting process concluded by Users via the Bodega LAUS website. At the time when a User begins the procedure to contract the product and\/or content he\/she is interested in, he\/she expressly accepts full, unreserved adherence to these stipulations in the version then published at Bodega LAUS. Users therefore pledge to read the contracting terms and conditions carefully every time they order a product, as they may have been amended since the last time they accessed them. By accepting these General Terms and Conditions, a User declares<\/p>\n<p>1. That he\/she is a person with legal capacity to make contracts and is of legal age.<\/p>\n<p>2. That he\/she has read and accepts these general contracting terms and conditions.<\/p>\n<p>In all cases, users will have access to the contracting terms and conditions before beginning the product contracting process and they may be stored and\/or reproduced on a durable medium.<\/p>\n<h5>Amending the contracting terms and conditions<\/h5>\n<p>Bodega LAUS may amend these stipulations provided there is sufficient reason to do so. Sufficient cause or reason to amend them is understood to include, but is not limited to, the following purposes:<\/p>\n<p>1. Expanding the range or number of products offered to Users or improving the existing ones.<\/p>\n<p>2. Amending, replacing or updating the prices of products offered via the website whenever Bodegas LAUS sees fit and making them visible on the website.<\/p>\n<h5>Payment method<\/h5>\n<p>The prices and rates applicable to users contracting services will be those appearing on the website belonging to Bodegas LAUS S.L.: https\/\/www.bodegalaus.es at the time when the user accesses the specific service and begins the contracting process.<\/p>\n<p><b>Prices and taxes applied<\/b>\u00a0The applicable prices are those appearing on the website when the customer places the order. The price of the products appearing on the website includes the corresponding Value Added Tax (VAT) depending on the product.<\/p>\n<h5>Shipping method<\/h5>\n<p>1. Delivery zone<br \/>\nBodega LAUS products will be available for sale on the Iberian Peninsula only, and delivery periods of between two and three working days from when the order is placed are established. The delivery period is counted from 9 in the morning of the working day after order confirmation.<\/p>\n<p>2. Shipping costs<\/p>\n<p>Env\u00edos a Pen\u00ednsula 7,50 \u20ac. Env\u00edo gratuito a Espa\u00f1a en pedidos superiores a 85 \u20ac. Env\u00edos a Francia 22 \u20ac por bulto. El precio incluye IVA<\/p>\n<h5>Payment methods<\/h5>\n<p>1. Bank cards<\/p>\n<ul>\n<li>VISA<\/li>\n<li>AMERICAN EXPRESS<\/li>\n<li>MasterCard<\/li>\n<\/ul>\n<h5>Sales conditions<\/h5>\n<p>The prices and texts, including technical specifications, published on the page https:\/\/www.bodegalaus.es are subject to changes without prior warning. It is the customer\u2019s responsibility to check the goods delivered.<\/p>\n<p>Tickets bought for any kind of visit to the LAUS winery may not be returned.<\/p>\n<p>Users will be guided on the procedure to be followed to complete the contract and to identify and correct the details provided for making the contract through the formulas created for the purpose.<\/p>\n<p>Users accept these General Terms and Conditions of Sale, which will remain accessible from the website.<\/p>\n<p>The contract will be drawn up in Spanish, in accordance with these terms and conditions.<\/p>\n<p>Offers will be valid as specified on the website in each case.<\/p>\n<p>Users may check the essential characteristics of each product through its description on the website.<\/p>\n<h5>Returns<\/h5>\n<p><b>1. Right of withdrawal<\/b><\/p>\n<p>The customer will have a maximum from 15 calendar days to carry out the return process from receipt of the order, in accordance with the applicable legislation. Once these 15 days have elapsed, Bodega LAUS will not accept any such return.<\/p>\n<p>To process a return, the user will have to contact Bodega LAUS on +34 974 269 708 and must carry out the necessary procedures under the following conditions:<\/p>\n<ul>\n<li>\u2022 The product must be returned in its original condition and packaging, including the purchase receipt and delivery note, as well as the reason for the return.<\/li>\n<li>\u2022 The return must be sent to Bodega LAUS at Carretera N-240, km 154.8, Barbastro C.P. 22.300 (Huesca), Spain. The customer must pay shipping and return transport costs.<\/li>\n<\/ul>\n<p><b>2. Rights concerning defective products<\/b><\/p>\n<p>If the product is not in perfect condition and\/or shows any defect for reasons not attributable to the user, it may be returned in order to be replaced within a maximum of 15 calendar days from receipt of the order.  Users have the right to claim the same product that has been delivered to them in perfect condition. If such a product is not available, the company will refund the sum the customer has paid, including shipping costs by the same payment method as used for purchase.<\/p>\n<p>In the specific case of defective products, or products not corresponding to the order placed by the customer, the customer will not have to pay the costs of returning them.<\/p>\n<p><b>3. Refunds<\/b><\/p>\n<p>Provided the user has complied with the conditions mentioned above, Bodega LAUS will proceed to refund the price paid corresponding to the products returned by the user. In the case of a return due to withdrawal, Bodega LAUS will not pay either shipping or return costs.<\/p>\n<p>If the requirements included in these General Terms and Conditions are not met, users will have no right whatsoever to the refund of any sum.<\/p>\n<p>In the case of a partial return, the user will be refunded the sum corresponding to the returned products.<\/p>\n<p>Bodega LAUS will proceed with the refund on the order using the same method used by the user to pay for the purchase or, if this is not possible, using a method chosen by the winery, ensuring that the user is compensated within 20 days of the collection of the product and after the relevant checks on its condition.<\/p>\n<h5>Conditions for winery tour tickets<\/h5>\n<p>All holders of tickets involving a visit to the LAUS winery will have to accept the following conditions:<\/p>\n<p><b>1.<\/b>\u00a0The tickets will have various security systems. Admission will be subject to having a complete ticket in good condition. Bodega LAUS will have the right to refuse access for the holder of any ticket that is damaged, torn or suspected of being a fake. The winery does not guarantee the authenticity of any tickets not bought via the Bodega LAUS website. Resale of these tickets is not allowed.<\/p>\n<p><b>2.<\/b>\u00a0These tickets constitute a licence for the holder to visit the LAUS winery and to enter it once only. The organiser may allow holders to enter once their tour has already begun, offering as an alternative in such cases the chance to join another later tour, depending on the LAUS winery timetable and always subject to availability.<\/p>\n<p><b>3.<\/b>\u00a0Once the ticket has been purchased, it cannot be changed, and the cost cannot be refunded unless the event is cancelled. If the event is entirely cancelled or the date changed, Bodega LAUS must refund the price of the ticket. In the case of cancellation, the Organiser must pay the refund within 15 days of the date the event was due to be held. Poor weather conditions and time changes requested by users do not give them any right to a refund of the ticket price.<\/p>\n<p><b>4.<\/b>\u00a0Admission rights are reserved and are conditional on having the complete ticket in good condition and for the holder to accept and be bound to comply with the rules of Bodega LAUS and its employees, as well as any conditions demanded for general safety reasons.<\/p>\n<p><b>5.<\/b>\u00a0As the right of admission is reserved, Bodega LAUS may refuse holders access and expel them from the site if they do not comply with the instructions of the organisation\u2019s staff, and in cases when it rationally assumes there is going to be a situation of risk or danger for the holders themselves or other attendees, disturbances, or due to states of apparent or potential intoxication. In all cases, holders are responsible for their own actions and omissions causing injury to third parties or damage to property.<\/p>\n<p><b>6.<\/b>\u00a0Entering the site with food or drink bought outside is absolutely prohibited.<\/p>\n<p><b>7.<\/b>\u00a0Any attempt at fraud, forced entry and\/or damage to private property caused directly or indirectly to Bodega LAUS will give it the right to take any civil and criminal legal measures it sees fit against those responsible.<\/p>\n<p><b>8.<\/b>\u00a0All image and intellectual property rights deriving from the event are reserved. The holder may not under any circumstances record or reproduce sounds and\/or images of the event or those attending without written authorisation from the Organiser.<\/p>\n<p><b>9.<\/b>\u00a0Possession of this ticket does not give its holder or third parties the right to use it or its content for advertising, marketing or promotional purposes (including competitions, gifts and\/or prize draws) associated with the ticket holder or a third party. Breach of this point will give Bodega LAUS the right to make claims for general losses and damages against any advertiser and\/or unauthorised user.<\/p>\n<p><b>10.<\/b>\u00a0Access to Bodega LAUS will imply consent to photographs being taken and other means of recording and\/or reproduction being used without the right to any kind of compensation for this, whatever their subsequent use.<\/p>\n<p><b>11.<\/b>\u00a0Bodega LAUS guarantees the protection of your personal data and reserves the right to use the data provided to improve its sales system and to achieve any other legitimate purpose. It is requested in order to streamline the purchasing process. Any claim must be accompanied by presentation of this ticket.<\/p>\n<p><b>12.<\/b>\u00a0Bodega LAUS may cancel or amend any of the above conditions due to the type and\/or unusual nature of the event. In such a case, it will inform the public attending via the channels it considers appropriate.<\/p>\n<h5><strong>Plataforma de resoluci\u00f3n de litigios en l\u00ednea\u00a0<\/strong><\/h5>\n<p>Conforme al art\u00edculo 14.1 del Reglamento 524\/2013 sobre resoluci\u00f3n de litigios en l\u00ednea en materia de consumo, le informamos de la existencia de una plataforma de resoluci\u00f3n de litigios en l\u00ednea facilitada por la Comisi\u00f3n Europea, as\u00ed como de la posibilidad de presentar su reclamaci\u00f3n a trav\u00e9s de la misma accediendo al siguiente enlace:<\/p>\n<p><a href=\"https:\/\/ec.europa.eu\/consumers\/odr\/main\/index.cfm?event=main.home.chooseLanguage\"><strong>https:\/\/ec.europa.eu\/consumers\/odr\/main\/index.cfm?event=main.home.chooseLanguage<\/strong><\/a><\/p>","protected":false},"excerpt":{"rendered":"<p>Condiciones generales de compra Objeto del contrato Las presentes Condiciones, tienen por objeto regular el acceso y el r\u00e9gimen de adquisici\u00f3n de los productos facilitados por Bodega LAUS al usuario a trav\u00e9s de su p\u00e1gina Web, constituyendo el marco jur\u00eddico que desarrolla la relaci\u00f3n contractual. Los productos y contenidos, ser\u00e1n los que se encuentren a [&hellip;]<\/p>\n","protected":false},"author":868,"featured_media":0,"parent":0,"menu_order":0,"comment_status":"closed","ping_status":"closed","template":"page_legal.php","meta":{"_acf_changed":false,"footnotes":""},"class_list":["post-779","page","type-page","status-publish","hentry"],"acf":[],"yoast_head":"<!-- This site is optimized with the Yoast SEO plugin v27.1.1 - https:\/\/yoast.com\/product\/yoast-seo-wordpress\/ -->\n<title>Condiciones de compra - Bodega LAUS \u00b7 Aromas del Somontano<\/title>\n<meta name=\"robots\" content=\"index, follow, max-snippet:-1, max-image-preview:large, max-video-preview:-1\" \/>\n<link rel=\"canonical\" href=\"https:\/\/old.bodegalaus.es\/en\/condiciones-venta\/\" \/>\n<meta property=\"og:locale\" content=\"en_GB\" \/>\n<meta property=\"og:type\" content=\"article\" \/>\n<meta property=\"og:title\" content=\"Condiciones de compra - Bodega LAUS \u00b7 Aromas del Somontano\" \/>\n<meta property=\"og:description\" content=\"Condiciones generales de compra Objeto del contrato Las presentes Condiciones, tienen por objeto regular el acceso y el r\u00e9gimen de adquisici\u00f3n de los productos facilitados por Bodega LAUS al usuario a trav\u00e9s de su p\u00e1gina Web, constituyendo el marco jur\u00eddico que desarrolla la relaci\u00f3n contractual. Los productos y contenidos, ser\u00e1n los que se encuentren a [&hellip;]\" \/>\n<meta property=\"og:url\" content=\"https:\/\/old.bodegalaus.es\/en\/condiciones-venta\/\" \/>\n<meta property=\"og:site_name\" content=\"Bodega LAUS \u00b7 Aromas del Somontano\" \/>\n<meta property=\"article:modified_time\" content=\"2025-10-01T11:27:06+00:00\" \/>\n<meta name=\"twitter:card\" content=\"summary_large_image\" \/>\n<meta name=\"twitter:label1\" content=\"Estimated reading time\" \/>\n\t<meta name=\"twitter:data1\" content=\"9 minutes\" \/>\n<script type=\"application\/ld+json\" class=\"yoast-schema-graph\">{\"@context\":\"https:\/\/schema.org\",\"@graph\":[{\"@type\":\"WebPage\",\"@id\":\"https:\/\/old.bodegalaus.es\/condiciones-venta\/\",\"url\":\"https:\/\/old.bodegalaus.es\/condiciones-venta\/\",\"name\":\"Condiciones de compra - Bodega LAUS \u00b7 Aromas del Somontano\",\"isPartOf\":{\"@id\":\"https:\/\/old.bodegalaus.es\/#website\"},\"datePublished\":\"2021-02-09T16:30:48+00:00\",\"dateModified\":\"2025-10-01T11:27:06+00:00\",\"breadcrumb\":{\"@id\":\"https:\/\/old.bodegalaus.es\/condiciones-venta\/#breadcrumb\"},\"inLanguage\":\"en-GB\",\"potentialAction\":[{\"@type\":\"ReadAction\",\"target\":[\"https:\/\/old.bodegalaus.es\/condiciones-venta\/\"]}]},{\"@type\":\"BreadcrumbList\",\"@id\":\"https:\/\/old.bodegalaus.es\/condiciones-venta\/#breadcrumb\",\"itemListElement\":[{\"@type\":\"ListItem\",\"position\":1,\"name\":\"Portada\",\"item\":\"https:\/\/old.bodegalaus.es\/\"},{\"@type\":\"ListItem\",\"position\":2,\"name\":\"Condiciones de compra\"}]},{\"@type\":\"WebSite\",\"@id\":\"https:\/\/old.bodegalaus.es\/#website\",\"url\":\"https:\/\/old.bodegalaus.es\/\",\"name\":\"Bodega LAUS \u00b7 Aromas del Somontano\",\"description\":\"Bodegas Laus fue fundada en el a\u00f1o 2002. La bodega es como una \u201cisla en el Somontano\u201d, rodeada de agua, vi\u00f1edos, flores, sol, aire...vida.\",\"potentialAction\":[{\"@type\":\"SearchAction\",\"target\":{\"@type\":\"EntryPoint\",\"urlTemplate\":\"https:\/\/old.bodegalaus.es\/?s={search_term_string}\"},\"query-input\":{\"@type\":\"PropertyValueSpecification\",\"valueRequired\":true,\"valueName\":\"search_term_string\"}}],\"inLanguage\":\"en-GB\"}]}<\/script>\n<!-- \/ Yoast SEO plugin. -->","yoast_head_json":{"title":"Condiciones de compra - Bodega LAUS \u00b7 Aromas del Somontano","robots":{"index":"index","follow":"follow","max-snippet":"max-snippet:-1","max-image-preview":"max-image-preview:large","max-video-preview":"max-video-preview:-1"},"canonical":"https:\/\/old.bodegalaus.es\/en\/condiciones-venta\/","og_locale":"en_GB","og_type":"article","og_title":"Condiciones de compra - Bodega LAUS \u00b7 Aromas del Somontano","og_description":"Condiciones generales de compra Objeto del contrato Las presentes Condiciones, tienen por objeto regular el acceso y el r\u00e9gimen de adquisici\u00f3n de los productos facilitados por Bodega LAUS al usuario a trav\u00e9s de su p\u00e1gina Web, constituyendo el marco jur\u00eddico que desarrolla la relaci\u00f3n contractual. Los productos y contenidos, ser\u00e1n los que se encuentren a [&hellip;]","og_url":"https:\/\/old.bodegalaus.es\/en\/condiciones-venta\/","og_site_name":"Bodega LAUS \u00b7 Aromas del Somontano","article_modified_time":"2025-10-01T11:27:06+00:00","twitter_card":"summary_large_image","twitter_misc":{"Estimated reading time":"9 minutes"},"schema":{"@context":"https:\/\/schema.org","@graph":[{"@type":"WebPage","@id":"https:\/\/old.bodegalaus.es\/condiciones-venta\/","url":"https:\/\/old.bodegalaus.es\/condiciones-venta\/","name":"Condiciones de compra - Bodega LAUS \u00b7 Aromas del Somontano","isPartOf":{"@id":"https:\/\/old.bodegalaus.es\/#website"},"datePublished":"2021-02-09T16:30:48+00:00","dateModified":"2025-10-01T11:27:06+00:00","breadcrumb":{"@id":"https:\/\/old.bodegalaus.es\/condiciones-venta\/#breadcrumb"},"inLanguage":"en-GB","potentialAction":[{"@type":"ReadAction","target":["https:\/\/old.bodegalaus.es\/condiciones-venta\/"]}]},{"@type":"BreadcrumbList","@id":"https:\/\/old.bodegalaus.es\/condiciones-venta\/#breadcrumb","itemListElement":[{"@type":"ListItem","position":1,"name":"Portada","item":"https:\/\/old.bodegalaus.es\/"},{"@type":"ListItem","position":2,"name":"Condiciones de compra"}]},{"@type":"WebSite","@id":"https:\/\/old.bodegalaus.es\/#website","url":"https:\/\/old.bodegalaus.es\/","name":"Bodega LAUS - Aromas of Somontano","description":"Bodegas Laus fue fundada en el a\u00f1o 2002. La bodega es como una \u201cisla en el Somontano\u201d, rodeada de agua, vi\u00f1edos, flores, sol, aire...vida.","potentialAction":[{"@type":"SearchAction","target":{"@type":"EntryPoint","urlTemplate":"https:\/\/old.bodegalaus.es\/?s={search_term_string}"},"query-input":{"@type":"PropertyValueSpecification","valueRequired":true,"valueName":"search_term_string"}}],"inLanguage":"en-GB"}]}},"_links":{"self":[{"href":"https:\/\/old.bodegalaus.es\/en\/wp-json\/wp\/v2\/pages\/779","targetHints":{"allow":["GET"]}}],"collection":[{"href":"https:\/\/old.bodegalaus.es\/en\/wp-json\/wp\/v2\/pages"}],"about":[{"href":"https:\/\/old.bodegalaus.es\/en\/wp-json\/wp\/v2\/types\/page"}],"author":[{"embeddable":true,"href":"https:\/\/old.bodegalaus.es\/en\/wp-json\/wp\/v2\/users\/868"}],"replies":[{"embeddable":true,"href":"https:\/\/old.bodegalaus.es\/en\/wp-json\/wp\/v2\/comments?post=779"}],"version-history":[{"count":12,"href":"https:\/\/old.bodegalaus.es\/en\/wp-json\/wp\/v2\/pages\/779\/revisions"}],"predecessor-version":[{"id":8231,"href":"https:\/\/old.bodegalaus.es\/en\/wp-json\/wp\/v2\/pages\/779\/revisions\/8231"}],"wp:attachment":[{"href":"https:\/\/old.bodegalaus.es\/en\/wp-json\/wp\/v2\/media?parent=779"}],"curies":[{"name":"wp","href":"https:\/\/api.w.org\/{rel}","templated":true}]}}