{"id":783,"date":"2021-02-09T16:32:28","date_gmt":"2021-02-09T16:32:28","guid":{"rendered":"https:\/\/www.bodegalaus.es\/?page_id=783"},"modified":"2021-03-23T16:14:53","modified_gmt":"2021-03-23T16:14:53","slug":"cookies","status":"publish","type":"page","link":"https:\/\/old.bodegalaus.es\/en\/cookies\/","title":{"rendered":"Cookies"},"content":{"rendered":"<h3 class=\"\">Cookies<\/h3>\n<p class=\"\"><b>What are cookies?<\/b><br \/>\nA cookie is a file downloaded to your computer (or the device you are using: smartphone, tablet, etc.) when you access certain websites. Cookies allow a website to store and recover information about the browsing habits and preferences of users and their equipment and, depending on the information they contain and the way you use your equipment, they can be used to recognise users.<\/p>\n<p class=\"\"><b>What kind of cookies does this website use?<\/b><br \/>\n<strong>Analysis cookies.<\/strong>\u00a0These are cookies which, whether processed by us or by third parties, enable us to quantify the number of users and thus perform measurement and statistical analysis of how users use the service offered. To do this, your browsing activity on our website is analysed in order to improve the products and services that we offer you. For this purpose, we use Google Analytics and Facebook service cookies.<br \/>\n<strong>Technical cookies.<\/strong>\u00a0These are necessary for providing particular services expressly requested by the user such as access to private areas, session information, etc. Without these cookies, the requested services cannot be offered correctly.<\/p>\n<p class=\"\"><b>How can I disable cookies?<\/b><br \/>\nYou may allow, block or delete the cookies installed on your equipment by configuring the options or preferences of the browser used to access the website. Here we show you where you can find more information about the main browsers:<\/p>\n<p>&nbsp;<\/p>\n<p>Google Chrome. For more information\u00a0<a class=\"sinlinea\" href=\"https:\/\/support.apple.com\/es-es\/HT201265\" target=\"_blank\" rel=\"noopener\">click here<\/a><\/p>\n<p>Mozilla Firefox. For more information\u00a0<a class=\"sinlinea\" href=\"https:\/\/support.mozilla.org\/t5\/Cookies-y-cach%C3%A9\/Cookies-informaci%C3%B3n-que-los-sitios-web-guardan-en-tu-equipo\/ta-p\/15851?redirectlocale=en-US&amp;redirectslug=Cookies\" target=\"_blank\" rel=\"noopener\">click here<\/a><\/p>\n<p>Internet Explorer. For more information\u00a0<a class=\"sinlinea\" href=\"http:\/\/windows.microsoft.com\/es-es\/internet-explorer\/delete-manage-cookies\" target=\"_blank\" rel=\"noopener\">click here<\/a><\/p>\n<p>Safari. For more information\u00a0<a class=\"sinlinea\" href=\"https:\/\/support.apple.com\/es-es\/HT201265\" target=\"_blank\" rel=\"noopener\">click here<\/a><\/p>","protected":false},"excerpt":{"rendered":"<p>Cookies \u00bfQu\u00e9 son las cookies? Una cookie es un fichero que se descarga en su ordenador (o el dispositivo que utilice: smartphon, tablet, etc.) al acceder a determinadas p\u00e1ginas web. Las cookies permiten a una p\u00e1gina web, entre otras cosas, almacenar y recuperar informaci\u00f3n sobre los h\u00e1bitos y preferencias de navegaci\u00f3n de un usuario o [&hellip;]<\/p>\n","protected":false},"author":868,"featured_media":0,"parent":0,"menu_order":0,"comment_status":"closed","ping_status":"closed","template":"page_legal.php","meta":{"_acf_changed":false,"footnotes":""},"class_list":["post-783","page","type-page","status-publish","hentry"],"acf":[],"yoast_head":"<!-- This site is optimized with the Yoast SEO plugin v27.1.1 - https:\/\/yoast.com\/product\/yoast-seo-wordpress\/ -->\n<title>Cookies - Bodega LAUS \u00b7 Aromas del Somontano<\/title>\n<meta name=\"robots\" content=\"index, follow, max-snippet:-1, max-image-preview:large, max-video-preview:-1\" \/>\n<link rel=\"canonical\" href=\"https:\/\/old.bodegalaus.es\/en\/cookies\/\" \/>\n<meta property=\"og:locale\" content=\"en_GB\" \/>\n<meta property=\"og:type\" content=\"article\" \/>\n<meta property=\"og:title\" content=\"Cookies - Bodega LAUS \u00b7 Aromas del Somontano\" \/>\n<meta property=\"og:description\" content=\"Cookies \u00bfQu\u00e9 son las cookies? Una cookie es un fichero que se descarga en su ordenador (o el dispositivo que utilice: smartphon, tablet, etc.) al acceder a determinadas p\u00e1ginas web. Las cookies permiten a una p\u00e1gina web, entre otras cosas, almacenar y recuperar informaci\u00f3n sobre los h\u00e1bitos y preferencias de navegaci\u00f3n de un usuario o [&hellip;]\" \/>\n<meta property=\"og:url\" content=\"https:\/\/old.bodegalaus.es\/en\/cookies\/\" \/>\n<meta property=\"og:site_name\" content=\"Bodega LAUS \u00b7 Aromas del Somontano\" \/>\n<meta property=\"article:modified_time\" content=\"2021-03-23T16:14:53+00:00\" \/>\n<meta name=\"twitter:card\" content=\"summary_large_image\" \/>\n<meta name=\"twitter:label1\" content=\"Estimated reading time\" \/>\n\t<meta name=\"twitter:data1\" content=\"2 minutes\" \/>\n<script type=\"application\/ld+json\" class=\"yoast-schema-graph\">{\"@context\":\"https:\/\/schema.org\",\"@graph\":[{\"@type\":\"WebPage\",\"@id\":\"https:\/\/old.bodegalaus.es\/cookies\/\",\"url\":\"https:\/\/old.bodegalaus.es\/cookies\/\",\"name\":\"Cookies - Bodega LAUS \u00b7 Aromas del Somontano\",\"isPartOf\":{\"@id\":\"https:\/\/old.bodegalaus.es\/#website\"},\"datePublished\":\"2021-02-09T16:32:28+00:00\",\"dateModified\":\"2021-03-23T16:14:53+00:00\",\"breadcrumb\":{\"@id\":\"https:\/\/old.bodegalaus.es\/cookies\/#breadcrumb\"},\"inLanguage\":\"en-GB\",\"potentialAction\":[{\"@type\":\"ReadAction\",\"target\":[\"https:\/\/old.bodegalaus.es\/cookies\/\"]}]},{\"@type\":\"BreadcrumbList\",\"@id\":\"https:\/\/old.bodegalaus.es\/cookies\/#breadcrumb\",\"itemListElement\":[{\"@type\":\"ListItem\",\"position\":1,\"name\":\"Portada\",\"item\":\"https:\/\/old.bodegalaus.es\/\"},{\"@type\":\"ListItem\",\"position\":2,\"name\":\"Cookies\"}]},{\"@type\":\"WebSite\",\"@id\":\"https:\/\/old.bodegalaus.es\/#website\",\"url\":\"https:\/\/old.bodegalaus.es\/\",\"name\":\"Bodega LAUS \u00b7 Aromas del Somontano\",\"description\":\"Bodegas Laus fue fundada en el a\u00f1o 2002. La bodega es como una \u201cisla en el Somontano\u201d, rodeada de agua, vi\u00f1edos, flores, sol, aire...vida.\",\"potentialAction\":[{\"@type\":\"SearchAction\",\"target\":{\"@type\":\"EntryPoint\",\"urlTemplate\":\"https:\/\/old.bodegalaus.es\/?s={search_term_string}\"},\"query-input\":{\"@type\":\"PropertyValueSpecification\",\"valueRequired\":true,\"valueName\":\"search_term_string\"}}],\"inLanguage\":\"en-GB\"}]}<\/script>\n<!-- \/ Yoast SEO plugin. -->","yoast_head_json":{"title":"Cookies - Bodega LAUS \u00b7 Aromas del Somontano","robots":{"index":"index","follow":"follow","max-snippet":"max-snippet:-1","max-image-preview":"max-image-preview:large","max-video-preview":"max-video-preview:-1"},"canonical":"https:\/\/old.bodegalaus.es\/en\/cookies\/","og_locale":"en_GB","og_type":"article","og_title":"Cookies - Bodega LAUS \u00b7 Aromas del Somontano","og_description":"Cookies \u00bfQu\u00e9 son las cookies? Una cookie es un fichero que se descarga en su ordenador (o el dispositivo que utilice: smartphon, tablet, etc.) al acceder a determinadas p\u00e1ginas web. Las cookies permiten a una p\u00e1gina web, entre otras cosas, almacenar y recuperar informaci\u00f3n sobre los h\u00e1bitos y preferencias de navegaci\u00f3n de un usuario o [&hellip;]","og_url":"https:\/\/old.bodegalaus.es\/en\/cookies\/","og_site_name":"Bodega LAUS \u00b7 Aromas del Somontano","article_modified_time":"2021-03-23T16:14:53+00:00","twitter_card":"summary_large_image","twitter_misc":{"Estimated reading time":"2 minutes"},"schema":{"@context":"https:\/\/schema.org","@graph":[{"@type":"WebPage","@id":"https:\/\/old.bodegalaus.es\/cookies\/","url":"https:\/\/old.bodegalaus.es\/cookies\/","name":"Cookies - Bodega LAUS \u00b7 Aromas del Somontano","isPartOf":{"@id":"https:\/\/old.bodegalaus.es\/#website"},"datePublished":"2021-02-09T16:32:28+00:00","dateModified":"2021-03-23T16:14:53+00:00","breadcrumb":{"@id":"https:\/\/old.bodegalaus.es\/cookies\/#breadcrumb"},"inLanguage":"en-GB","potentialAction":[{"@type":"ReadAction","target":["https:\/\/old.bodegalaus.es\/cookies\/"]}]},{"@type":"BreadcrumbList","@id":"https:\/\/old.bodegalaus.es\/cookies\/#breadcrumb","itemListElement":[{"@type":"ListItem","position":1,"name":"Portada","item":"https:\/\/old.bodegalaus.es\/"},{"@type":"ListItem","position":2,"name":"Cookies"}]},{"@type":"WebSite","@id":"https:\/\/old.bodegalaus.es\/#website","url":"https:\/\/old.bodegalaus.es\/","name":"Bodega LAUS - Aromas of Somontano","description":"Bodegas Laus fue fundada en el a\u00f1o 2002. La bodega es como una \u201cisla en el Somontano\u201d, rodeada de agua, vi\u00f1edos, flores, sol, aire...vida.","potentialAction":[{"@type":"SearchAction","target":{"@type":"EntryPoint","urlTemplate":"https:\/\/old.bodegalaus.es\/?s={search_term_string}"},"query-input":{"@type":"PropertyValueSpecification","valueRequired":true,"valueName":"search_term_string"}}],"inLanguage":"en-GB"}]}},"_links":{"self":[{"href":"https:\/\/old.bodegalaus.es\/en\/wp-json\/wp\/v2\/pages\/783","targetHints":{"allow":["GET"]}}],"collection":[{"href":"https:\/\/old.bodegalaus.es\/en\/wp-json\/wp\/v2\/pages"}],"about":[{"href":"https:\/\/old.bodegalaus.es\/en\/wp-json\/wp\/v2\/types\/page"}],"author":[{"embeddable":true,"href":"https:\/\/old.bodegalaus.es\/en\/wp-json\/wp\/v2\/users\/868"}],"replies":[{"embeddable":true,"href":"https:\/\/old.bodegalaus.es\/en\/wp-json\/wp\/v2\/comments?post=783"}],"version-history":[{"count":4,"href":"https:\/\/old.bodegalaus.es\/en\/wp-json\/wp\/v2\/pages\/783\/revisions"}],"predecessor-version":[{"id":1879,"href":"https:\/\/old.bodegalaus.es\/en\/wp-json\/wp\/v2\/pages\/783\/revisions\/1879"}],"wp:attachment":[{"href":"https:\/\/old.bodegalaus.es\/en\/wp-json\/wp\/v2\/media?parent=783"}],"curies":[{"name":"wp","href":"https:\/\/api.w.org\/{rel}","templated":true}]}}