{"id":1539,"date":"2021-03-17T07:30:48","date_gmt":"2021-03-17T07:30:48","guid":{"rendered":"https:\/\/www.bodegalaus.es\/?page_id=1539"},"modified":"2022-02-28T09:06:55","modified_gmt":"2022-02-28T09:06:55","slug":"bases-concurso","status":"publish","type":"page","link":"https:\/\/old.bodegalaus.es\/fr\/bases-concurso\/","title":{"rendered":"Bases concurso"},"content":{"rendered":"<h2>Bases legales LAUS X Pablo Erroz<\/h2>\n<p>Bodega LAUS S.L, en adelante LA EMPRESA, domiciliada en Ctra. N-240 Km 154,8, en Barbastro (CP 22300) con NIF 22257653, realizar\u00e1 una promoci\u00f3n comercial en el \u00e1mbito territorial, en su cuenta oficial de Instagram, en favor de dos entradas dobles para el desfile de Pablo Erroz en la MBFWMadrid, que se regir\u00e1 por las siguientes bases:<\/p>\n<p><strong>Base 1. \u00c1mbito personal.\u00a0<\/strong><br \/>\n&#8211; Podr\u00e1n participar en la promoci\u00f3n aquellas personas f\u00edsicas mayores de 18 a\u00f1os y residentes en Espa\u00f1a, que cumplan con los requisitos establecidos en las presentes bases.<\/p>\n<p><strong>Base 2. \u00c1mbito geogr\u00e1fico.\u00a0<\/strong><br \/>\n&#8211; El sorteo queda limitado al territorio nacional de Espa\u00f1a.<\/p>\n<p><strong>Base 3. Difusi\u00f3n del sorteo.\u00a0<\/strong><br \/>\n&#8211; El sorteo se dar\u00e1 a conocer a los consumidores a trav\u00e9s del perfil oficial de la EMPRESA en Instagram.<\/p>\n<p><strong>Base 4. Duraci\u00f3n del sorteo.\u00a0<\/strong><br \/>\n&#8211; El sorteo estar\u00e1 vigente del 28 de febrero de 2022 al 6 de marzo de 2022 a las 23:59 h.<br \/>\nSi por causas de fuerza mayor fuera necesario aplazar, modificar, anular o repetir el sorteo, este hecho se notificar\u00e1, d\u00e1ndole a la modificaci\u00f3n el mismo grado de publicidad que al presente sorteo.<\/p>\n<p><strong>Base 5. Premios.\u00a0<\/strong><br \/>\nSe entregar\u00e1 el siguiente premio:<br \/>\n&#8211; 2 entradas dobles para el desfile del dise\u00f1ador Pablo Erroz, que se realizar\u00e1 el 10 de marzo del 2022 en la Mercedes Benz Fashion Week 2022, dicho premio ser\u00e1 facilitado al email indicado por el ganador.<\/p>\n<p><strong>Base 6. Mec\u00e1nica del sorteo y requisitos para participar.\u00a0<\/strong><\/p>\n<p>Se realizar\u00e1 un sorteo entre todos los participantes que sigan correctamente las instrucciones de participaci\u00f3n para elegir 2 ganadores.<\/p>\n<p>C\u00f3mo participar:<\/p>\n<ul>\n<li>Leer el post publicado al efecto.<\/li>\n<li>Nombrar en los comentarios al menos a una persona con la que le gustar\u00eda acudir al desfile.<\/li>\n<li>Darle \u00abme gusta\u00bb a la publicaci\u00f3n de la campa\u00f1a.<\/li>\n<li>De manera opcional seguir el perfil oficial de Bodega LAUS en Instagram, siendo este @bodegalaus, y el de Pablo Erroz, siendo este @pabloerroz.<\/li>\n<\/ul>\n<p>&nbsp;<\/p>\n<p><strong>Base 7. Registro.<\/strong><br \/>\n&#8211; Una vez finalizado el sorteo, la EMPRESA preparar\u00e1 un archivo en el que quedar\u00e1n registrados los participantes del premio para futuras acciones de marketing y comunicaci\u00f3n.<\/p>\n<p><strong>Base 8. Datos Personales.\u00a0<\/strong><br \/>\n&#8211; Los Datos de Car\u00e1cter Personal que los participantes faciliten a LA EMPRESA se incorporar\u00e1n a un fichero titularidad de LA EMPRESA, y ser\u00e1n tratados por LA EMPRESA, con la finalidad propia del propio sorteo, as\u00ed como otras acciones de marketing y comunicaci\u00f3n que la empresa pueda realizar. Puede ejercitar sus derechos de acceso, rectificaci\u00f3n, cancelaci\u00f3n y oposici\u00f3n ante LA EMPRESA, en la direcci\u00f3n anteriormente indicada, mediante solicitud escrita acompa\u00f1ada de copia del DNI. De todo lo cual se informa en cumplimiento de Ley Org\u00e1nica de Protecci\u00f3n de Datos y Garant\u00eda de derechos digitales (LOPD) 3\/2018, de 5 de diciembre.<\/p>\n<p><strong>Base 9. Autorizaci\u00f3n y Cesiones de derechos de imagen y\/o propiedad intelectual del ganador o ganadores.\u00a0<\/strong><br \/>\n&#8211; Los participantes que resulten ganadores y los suplentes que pudieran concurrir en este sorteo promocional autorizan expresamente a LA EMPRESA a difundir, en los medios que el Organizador estime conveniente, su nombre y apellido completo, nombre de usuario, fotograf\u00edas y en general todos aquellos datos que pudieran requerirse con motivo de difundir esta promoci\u00f3n en los medios y en la forma en que el Organizador disponga, sin que con dicha utilizaci\u00f3n y difusi\u00f3n se produzca intromisi\u00f3n alguna en el \u00e1mbito protegido por la Ley 1\/1982 de Protecci\u00f3n Civil del derecho al honor, a la intimidad personal y familiar y a la propia imagen, sin que ello suponga derecho alguno de remuneraci\u00f3n por tal reproducci\u00f3n o utilizaci\u00f3n. LA EMPRESA se reserva el derecho de comprobar la veracidad de los datos facilitados, as\u00ed como las edades e identidades de los ganadores antes de proceder a la entrega de los premios. Las personas que participen en el sorteo prestan su consentimiento para que sus datos personales sean tratados por LA EMPRESA, a los \u00fanicos efectos del presente sorteo.<\/p>\n<p><strong>Base 10. Aceptaci\u00f3n de las bases.\u00a0<\/strong><br \/>\n&#8211; Las siguientes bases ser\u00e1n publicadas en la web de BODEGA LAUS: www.bodegalaus.es y depositadas en las oficinas centrales de la EMPRESA. La participaci\u00f3n en el sorteo de dos entradas para el desfile de Pablo Erroz MBFWMadrid 2022 supone la plena y total aceptaci\u00f3n de estas bases por parte de los participantes. Ante posibles dudas en la interpretaci\u00f3n de estas bases, prevalecer\u00e1 el criterio del Organizador. Asimismo, los participantes autorizan a LA EMPRESA a utilizar los nombres de los ganadores o su imagen para que sean publicadas a trav\u00e9s de Facebook, Twitter, Instagram, Blog corporativo o cualquier otra plataforma en la que tenga presencia LA EMPRESA, sin que ello suponga derecho alguno de remuneraci\u00f3n por tal reproducci\u00f3n o utilizaci\u00f3n.<\/p>\n<p><strong>Base 11. Exclusi\u00f3n\u00a0<\/strong><br \/>\n&#8211; LA EMPRESA se reserva el derecho de excluir a aquellos participantes que hicieran un uso fraudulento de los medios de participaci\u00f3n. No podr\u00e1n participar en la promoci\u00f3n y, por lo tanto, resultar agraciados: a) los empleados de las empresas del grupo; b) agencias que est\u00e9n relacionados con la promoci\u00f3n o que ostenten cualquier otro g\u00e9nero de relaci\u00f3n comercial con LA EMPRESA. LA EMPRESA se reserva el derecho de eliminar y\/o retener las participaciones a cualquier usuario que defraude, altere o inutilice el buen funcionamiento y el transcurso normal y reglamentario de la presente campa\u00f1a. LA EMPRESA pretende que todos los usuarios concursen en igualdad de condiciones en cada una de las promociones y con estricto respeto a las normas de la buena fe. Por ello, cualquier utilizaci\u00f3n abusiva o fraudulenta de estas Bases, dar\u00e1 lugar a la descalificaci\u00f3n del participante de la promoci\u00f3n.<\/p>\n<p><strong>Base 12. Otras consideraciones\u00a0<\/strong><br \/>\n&#8211; Los premios entregados no ser\u00e1n susceptibles de cambio, alteraci\u00f3n o compensaci\u00f3n a petici\u00f3n de los ganadores. El premio que se otorga por concurso es intransferible, es decir, en el caso de que por cualquier circunstancia el premiado no pudiese o quisiera aceptar el premio, o renunciase al mismo, \u00e9ste se declarar\u00e1 desierto. LA EMPRESA no se responsabiliza de las posibles p\u00e9rdidas, deterioros, robos o retrasos o cualquier otra circunstancia imputable a la empresa de mensajer\u00eda o a terceros que puedan afectar a los env\u00edos.<\/p>\n<p><strong>Base 13. Esta campa\u00f1a no est\u00e1 asociada a ninguna plataforma o red social<\/strong><\/p>\n<p>Instagram no patrocina, avala ni administra de modo alguno esta promoci\u00f3n, ni est\u00e1 asociado a ella. El participante est\u00e1 proporcionando su informaci\u00f3n y datos a LA EMPRESA no a Instagram.<\/p>\n<p><strong>Base 14. Selecci\u00f3n del ganador y modalidad el sorteo<\/strong><\/p>\n<p>El sorteo se realizar\u00e1 el d\u00eda 7 de marzo de forma aleatoria a trav\u00e9s de la herramienta Socialgest, que certificar\u00e1 que la selecci\u00f3n ha sido aleatoria y se seleccionar\u00e1 a dos personas de entre todos los participantes.<\/p>\n<p>Los ganadores ser\u00e1n anunciados oficialmente en la cuenta oficial de Instagram de LA EMPRESA, quien deber\u00e1 contactar mediante mensaje privado en la misma cuenta oficial para reclamar el premio. Si en el plazo de 2 d\u00edas los ganadores no han contactado, el sorteo quedar\u00e1 desierto.<\/p>\n<p>LA EMPRESA queda eximida de cualquier responsabilidad en caso de existir alg\u00fan error en los datos facilitados por los ganadores que impida su identificaci\u00f3n.<\/p>","protected":false},"excerpt":{"rendered":"<p>Bases legales LAUS X Pablo Erroz Bodega LAUS S.L, en adelante LA EMPRESA, domiciliada en Ctra. N-240 Km 154,8, en Barbastro (CP 22300) con NIF 22257653, realizar\u00e1 una promoci\u00f3n comercial en el \u00e1mbito territorial, en su cuenta oficial de Instagram, en favor de dos entradas dobles para el desfile de Pablo Erroz en la MBFWMadrid, [&hellip;]<\/p>\n","protected":false},"author":868,"featured_media":0,"parent":0,"menu_order":0,"comment_status":"closed","ping_status":"closed","template":"page_legal.php","meta":{"_acf_changed":false,"footnotes":""},"class_list":["post-1539","page","type-page","status-publish","hentry"],"acf":[],"yoast_head":"<!-- This site is optimized with the Yoast SEO plugin v27.1.1 - https:\/\/yoast.com\/product\/yoast-seo-wordpress\/ -->\n<title>Bases concurso - Bodega LAUS \u00b7 Aromas del Somontano<\/title>\n<meta name=\"robots\" content=\"index, follow, max-snippet:-1, max-image-preview:large, max-video-preview:-1\" \/>\n<link rel=\"canonical\" href=\"https:\/\/old.bodegalaus.es\/fr\/bases-concurso\/\" \/>\n<meta property=\"og:locale\" content=\"fr_FR\" \/>\n<meta property=\"og:type\" content=\"article\" \/>\n<meta property=\"og:title\" content=\"Bases concurso - Bodega LAUS \u00b7 Aromas del Somontano\" \/>\n<meta property=\"og:description\" content=\"Bases legales LAUS X Pablo Erroz Bodega LAUS S.L, en adelante LA EMPRESA, domiciliada en Ctra. N-240 Km 154,8, en Barbastro (CP 22300) con NIF 22257653, realizar\u00e1 una promoci\u00f3n comercial en el \u00e1mbito territorial, en su cuenta oficial de Instagram, en favor de dos entradas dobles para el desfile de Pablo Erroz en la MBFWMadrid, [&hellip;]\" \/>\n<meta property=\"og:url\" content=\"https:\/\/old.bodegalaus.es\/fr\/bases-concurso\/\" \/>\n<meta property=\"og:site_name\" content=\"Bodega LAUS \u00b7 Aromas del Somontano\" \/>\n<meta property=\"article:modified_time\" content=\"2022-02-28T09:06:55+00:00\" \/>\n<meta name=\"twitter:card\" content=\"summary_large_image\" \/>\n<meta name=\"twitter:label1\" content=\"Dur\u00e9e de lecture estim\u00e9e\" \/>\n\t<meta name=\"twitter:data1\" content=\"6 minutes\" \/>\n<script type=\"application\/ld+json\" class=\"yoast-schema-graph\">{\"@context\":\"https:\/\/schema.org\",\"@graph\":[{\"@type\":\"WebPage\",\"@id\":\"https:\/\/old.bodegalaus.es\/bases-concurso\/\",\"url\":\"https:\/\/old.bodegalaus.es\/bases-concurso\/\",\"name\":\"Bases concurso - Bodega LAUS \u00b7 Aromas del Somontano\",\"isPartOf\":{\"@id\":\"https:\/\/old.bodegalaus.es\/#website\"},\"datePublished\":\"2021-03-17T07:30:48+00:00\",\"dateModified\":\"2022-02-28T09:06:55+00:00\",\"breadcrumb\":{\"@id\":\"https:\/\/old.bodegalaus.es\/bases-concurso\/#breadcrumb\"},\"inLanguage\":\"fr-FR\",\"potentialAction\":[{\"@type\":\"ReadAction\",\"target\":[\"https:\/\/old.bodegalaus.es\/bases-concurso\/\"]}]},{\"@type\":\"BreadcrumbList\",\"@id\":\"https:\/\/old.bodegalaus.es\/bases-concurso\/#breadcrumb\",\"itemListElement\":[{\"@type\":\"ListItem\",\"position\":1,\"name\":\"Portada\",\"item\":\"https:\/\/old.bodegalaus.es\/\"},{\"@type\":\"ListItem\",\"position\":2,\"name\":\"Bases concurso\"}]},{\"@type\":\"WebSite\",\"@id\":\"https:\/\/old.bodegalaus.es\/#website\",\"url\":\"https:\/\/old.bodegalaus.es\/\",\"name\":\"Bodega LAUS \u00b7 Aromas del Somontano\",\"description\":\"Bodegas Laus fue fundada en el a\u00f1o 2002. La bodega es como una \u201cisla en el Somontano\u201d, rodeada de agua, vi\u00f1edos, flores, sol, aire...vida.\",\"potentialAction\":[{\"@type\":\"SearchAction\",\"target\":{\"@type\":\"EntryPoint\",\"urlTemplate\":\"https:\/\/old.bodegalaus.es\/?s={search_term_string}\"},\"query-input\":{\"@type\":\"PropertyValueSpecification\",\"valueRequired\":true,\"valueName\":\"search_term_string\"}}],\"inLanguage\":\"fr-FR\"}]}<\/script>\n<!-- \/ Yoast SEO plugin. -->","yoast_head_json":{"title":"Bases concurso - Bodega LAUS \u00b7 Aromas del Somontano","robots":{"index":"index","follow":"follow","max-snippet":"max-snippet:-1","max-image-preview":"max-image-preview:large","max-video-preview":"max-video-preview:-1"},"canonical":"https:\/\/old.bodegalaus.es\/fr\/bases-concurso\/","og_locale":"fr_FR","og_type":"article","og_title":"Bases concurso - Bodega LAUS \u00b7 Aromas del Somontano","og_description":"Bases legales LAUS X Pablo Erroz Bodega LAUS S.L, en adelante LA EMPRESA, domiciliada en Ctra. N-240 Km 154,8, en Barbastro (CP 22300) con NIF 22257653, realizar\u00e1 una promoci\u00f3n comercial en el \u00e1mbito territorial, en su cuenta oficial de Instagram, en favor de dos entradas dobles para el desfile de Pablo Erroz en la MBFWMadrid, [&hellip;]","og_url":"https:\/\/old.bodegalaus.es\/fr\/bases-concurso\/","og_site_name":"Bodega LAUS \u00b7 Aromas del Somontano","article_modified_time":"2022-02-28T09:06:55+00:00","twitter_card":"summary_large_image","twitter_misc":{"Dur\u00e9e de lecture estim\u00e9e":"6 minutes"},"schema":{"@context":"https:\/\/schema.org","@graph":[{"@type":"WebPage","@id":"https:\/\/old.bodegalaus.es\/bases-concurso\/","url":"https:\/\/old.bodegalaus.es\/bases-concurso\/","name":"Bases concurso - Bodega LAUS \u00b7 Aromas del Somontano","isPartOf":{"@id":"https:\/\/old.bodegalaus.es\/#website"},"datePublished":"2021-03-17T07:30:48+00:00","dateModified":"2022-02-28T09:06:55+00:00","breadcrumb":{"@id":"https:\/\/old.bodegalaus.es\/bases-concurso\/#breadcrumb"},"inLanguage":"fr-FR","potentialAction":[{"@type":"ReadAction","target":["https:\/\/old.bodegalaus.es\/bases-concurso\/"]}]},{"@type":"BreadcrumbList","@id":"https:\/\/old.bodegalaus.es\/bases-concurso\/#breadcrumb","itemListElement":[{"@type":"ListItem","position":1,"name":"Portada","item":"https:\/\/old.bodegalaus.es\/"},{"@type":"ListItem","position":2,"name":"Bases concurso"}]},{"@type":"WebSite","@id":"https:\/\/old.bodegalaus.es\/#website","url":"https:\/\/old.bodegalaus.es\/","name":"Bodega LAUS \u00b7 Aromas del Somontano","description":"Bodegas Laus fue fundada en el a\u00f1o 2002. La bodega es como una \u201cisla en el Somontano\u201d, rodeada de agua, vi\u00f1edos, flores, sol, aire...vida.","potentialAction":[{"@type":"SearchAction","target":{"@type":"EntryPoint","urlTemplate":"https:\/\/old.bodegalaus.es\/?s={search_term_string}"},"query-input":{"@type":"PropertyValueSpecification","valueRequired":true,"valueName":"search_term_string"}}],"inLanguage":"fr-FR"}]}},"_links":{"self":[{"href":"https:\/\/old.bodegalaus.es\/fr\/wp-json\/wp\/v2\/pages\/1539","targetHints":{"allow":["GET"]}}],"collection":[{"href":"https:\/\/old.bodegalaus.es\/fr\/wp-json\/wp\/v2\/pages"}],"about":[{"href":"https:\/\/old.bodegalaus.es\/fr\/wp-json\/wp\/v2\/types\/page"}],"author":[{"embeddable":true,"href":"https:\/\/old.bodegalaus.es\/fr\/wp-json\/wp\/v2\/users\/868"}],"replies":[{"embeddable":true,"href":"https:\/\/old.bodegalaus.es\/fr\/wp-json\/wp\/v2\/comments?post=1539"}],"version-history":[{"count":4,"href":"https:\/\/old.bodegalaus.es\/fr\/wp-json\/wp\/v2\/pages\/1539\/revisions"}],"predecessor-version":[{"id":4504,"href":"https:\/\/old.bodegalaus.es\/fr\/wp-json\/wp\/v2\/pages\/1539\/revisions\/4504"}],"wp:attachment":[{"href":"https:\/\/old.bodegalaus.es\/fr\/wp-json\/wp\/v2\/media?parent=1539"}],"curies":[{"name":"wp","href":"https:\/\/api.w.org\/{rel}","templated":true}]}}