{"id":779,"date":"2021-02-09T16:30:48","date_gmt":"2021-02-09T16:30:48","guid":{"rendered":"https:\/\/www.bodegalaus.es\/?page_id=779"},"modified":"2025-10-01T13:27:06","modified_gmt":"2025-10-01T11:27:06","slug":"condiciones-venta","status":"publish","type":"page","link":"https:\/\/old.bodegalaus.es\/fr\/condiciones-venta\/","title":{"rendered":"Condiciones de compra"},"content":{"rendered":"<h3 class=\"\">Condiciones generales de compra<\/h3>\n<h5>Objeto del contrato<\/h5>\n<p class=\"\">Las presentes Condiciones, tienen por objeto regular el acceso y el r\u00e9gimen de adquisici\u00f3n de los productos facilitados por Bodega LAUS al usuario a trav\u00e9s de su p\u00e1gina Web, constituyendo el marco jur\u00eddico que desarrolla la relaci\u00f3n contractual. Los productos y contenidos, ser\u00e1n los que se encuentren a disposici\u00f3n del Usuario en la siguiente p\u00e1gina Web titularidad de \u00a0<b>Bodegas LAUS S.L. https\/\/www.bodegalaus.es<\/b><\/p>\n<p>Para cualquier reclamaci\u00f3n podr\u00e1 dirigirse a: Bodega LAUS sita en Carretera N-240,Km154.8, Barbastro C.P. 22.300 (Huesca), Espa\u00f1a. O a la direcci\u00f3n de correo electr\u00f3nico: <a class=\"c-link\" href=\"mailto:tienda.laus@grupoenate.es\" target=\"_blank\" rel=\"noopener noreferrer\" data-stringify-link=\"mailto:tienda.laus@grupoenate.es\" data-sk=\"tooltip_parent\">tienda.laus@grupoenate.es<\/a><\/p>\n<h5>Aceptaci\u00f3n y Disponibilidad<\/h5>\n<p>Las presentes Condiciones, regulan la relaci\u00f3n jur\u00eddica derivada de los procesos de contrataci\u00f3n formalizados por los Usuarios a trav\u00e9s de la p\u00e1gina web de\u00a0Bodega LAUS Los Usuarios aceptan expresamente la adhesi\u00f3n plena y sin reservas a las presentes estipulaciones, en la versi\u00f3n publicada en Bodega LAUS en el momento en que el Usuario inicie un procedimiento de contrataci\u00f3n del producto y\/o contenidos en el que est\u00e1 interesado. Por tanto, el Usuario se compromete a leer atentamente las condiciones de contrataci\u00f3n, cada vez que proceda a la contrataci\u00f3n de alg\u00fan producto, dado que las mismas han podido ser objeto de modificaci\u00f3n desde la \u00faltima vez que accedi\u00f3. Mediante la aceptaci\u00f3n de las presentes Condiciones Generales de contrataci\u00f3n el Usuario declara:<\/p>\n<p>1. Que es una persona con capacidad para contratar, mayor de edad.<\/p>\n<p>2. Que ha le\u00eddo y acepta las presentes condiciones generales de contrataci\u00f3n.<\/p>\n<p>El Usuario tendr\u00e1 acceso siempre y en todo caso, con car\u00e1cter previo al inicio del procedimiento de contrataci\u00f3n de productos, a las condiciones de contrataci\u00f3n, pudiendo ser almacenadas y\/o reproducidas en un soporte duradero.<\/p>\n<h5>Modificaci\u00f3n de las condiciones de contrataci\u00f3n<\/h5>\n<p>Bodega LAUS podr\u00e1 modificar las presentes estipulaciones siempre que exista causa o motivo suficiente para ello. Se entiende que existe causa o motivo suficiente para la modificaci\u00f3n, con car\u00e1cter enunciativo y no limitativo, cuando \u00e9sta tenga por finalidad:<\/p>\n<p>1. Ampliar la gama o n\u00famero de productos que se ponen a disposici\u00f3n de los Usuarios o mejorar los existentes.<\/p>\n<p>2. Modificar, sustituir o actualizar los precios de los productos que se ofrecen a trav\u00e9s de la p\u00e1gina Web cuando as\u00ed lo considere conveniente y haci\u00e9ndolo visible en la p\u00e1gina Web.<\/p>\n<h5>Forma de pago<\/h5>\n<p>Los precios y tarifas aplicables a la contrataci\u00f3n por parte del usuario de los servicios, ser\u00e1n los que figuren en la p\u00e1gina Web titularidad de\u00a0Bodegas LAUS S.L.: https\/\/www.bodegalaus.es , en el momento en el que el usuario acceda al servicio espec\u00edfico, y proceda a iniciar el proceso de contrataci\u00f3n.<\/p>\n<p><b>Precios e Impuestos aplicados<\/b>\u00a0Los precios aplicables son los que figuran en la Web en el momento en que el cliente realiza su pedido. El precio de los productos que aparecen en la Web, incluye el Impuesto de Valor A\u00f1adido (IVA) correspondiente seg\u00fan el producto.<\/p>\n<h5>Forma de env\u00edo<\/h5>\n<p>1. Zona de entrega<br \/>\nLa venta de productos de Bodega LAUS solo est\u00e1 disponible en la\u00a0pen\u00ednsula ib\u00e9rica, y los plazos de entrega se fijan entre\u00a02 y 3 d\u00edas\u00a0h\u00e1biles desde que se efect\u00faa la contrataci\u00f3n del pedido. El plazo de entrega empieza a\u00a0contar desde las 9 de la ma\u00f1ana del siguiente d\u00eda laborable a la confirmaci\u00f3n del pedido.<\/p>\n<p>2. Gastos de env\u00edo<\/p>\n<p>Env\u00edos a Pen\u00ednsula 7,50 \u20ac. Env\u00edo gratuito a Espa\u00f1a en pedidos superiores a 85 \u20ac. Env\u00edos a Francia 22 \u20ac por bulto. El precio incluye IVA<\/p>\n<h5>Formas de pago<\/h5>\n<p>1. Tarjetas bancarias<\/p>\n<ul>\n<li>VISA<\/li>\n<li>AMERICAN EXPRESS<\/li>\n<li>MasterCard<\/li>\n<\/ul>\n<h5>Condiciones de venta<\/h5>\n<p>Los precios y textos publicados en la p\u00e1gina\u00a0https:\/\/www.bodegalaus.es\u00a0est\u00e1n sujetos a variaciones sin previo aviso, inclusive especificaciones t\u00e9cnicas. Es obligaci\u00f3n del cliente comprobar la mercanc\u00eda que se le entrega.<\/p>\n<p>En el caso de la compra de entradas para Visita a Bodega LAUS en cualquiera de las modalidades ofertadas, los tickets no podr\u00e1n ser devueltos.<\/p>\n<p>El Usuario ser\u00e1 guiado en el tr\u00e1mite que debe seguirse para la celebraci\u00f3n del contrato, as\u00ed como para la identificaci\u00f3n y correcci\u00f3n de los datos que haya facilitado para la celebraci\u00f3n del contrato a trav\u00e9s de los formularios creados al efecto.<\/p>\n<p>El Usuario acepta las presentes Condiciones Generales de Venta, que permanecer\u00e1n accesibles desde la p\u00e1gina Web.<\/p>\n<p>El contrato se formaliza en lengua espa\u00f1ola, de acuerdo con las presentes Condiciones.<\/p>\n<p>Las ofertas tendr\u00e1n la vigencia que se especifique en cada caso en la p\u00e1gina Web<\/p>\n<p>El Usuario podr\u00e1 consultar las caracter\u00edsticas esenciales de cada producto a trav\u00e9s de su descripci\u00f3n en la p\u00e1gina Web.<\/p>\n<h5>Devoluciones<\/h5>\n<p><b>1. Derecho de desistimiento<\/b><\/p>\n<p>El cliente tendr\u00e1 un m\u00e1ximo de 15 d\u00edas naturales desde la recepci\u00f3n del pedido para tramitar su devoluci\u00f3n, de acuerdo a la legislaci\u00f3n aplicable. Una vez superados estos 15 d\u00edas, Bodega LAUS no aceptar\u00e1 dicha devoluci\u00f3n.<\/p>\n<p>Para la tramitaci\u00f3n de una devoluci\u00f3n, el usuario ha de ponerse en contacto con Bodega LAUS en el tel\u00e9fono +34\u00a0974 269 708, desde donde se proceder\u00e1 a realizar las gestiones necesarias,\u00a0 bajo las siguientes condiciones:<\/p>\n<ul>\n<li>\u2022 El producto deber\u00e1 devolverse en su embalaje y estado original, incluyendo el justificante de compra y el albar\u00e1n de entrega del producto, as\u00ed como el motivo de la devoluci\u00f3n.<\/li>\n<li>\u2022 La devoluci\u00f3n ha de remitirse a Bodega LAUS sita en Carretera N-240,Km154.8, Barbastro C.P. 22.300 (Huesca), Espa\u00f1a. Los gastos de env\u00edo y devoluci\u00f3n ser\u00e1n asumidos por el cliente.<\/li>\n<\/ul>\n<p><b>2. Derecho de productos defectuosos<\/b><\/p>\n<p>Si el producto no estuviese en condiciones \u00f3ptimas y\/o presentase alg\u00fan defecto por causa no imputable al usuario, podr\u00e1 ser devuelto en el plazo m\u00e1ximo de 15 d\u00edas naturales desde la recepci\u00f3n del pedido, procediendo a su sustituci\u00f3n.\u00a0 El usuario tendr\u00e1 derecho a reclamar, y que se le entregue, un producto igual, en perfecto estado. En el caso de que el producto no se encontrase disponible, la empresa proceder\u00e1 al reembolso del importe que el cliente haya abonado, incluidos los gastos de env\u00edo, de acuerdo a la forma de pago utilizada en la compra.<\/p>\n<p>En el caso concreto de productos defectuosos, o que no se corresponden con el pedido realizado por el cliente, \u00e9ste no deber\u00e1 hacer frente a los costes de devoluci\u00f3n de dichos productos.<\/p>\n<p><b>3. Reembolso<\/b><\/p>\n<p>Siempre que el usuario se haya ajustado a las condiciones anteriormente citadas, Bodega LAUS proceder\u00e1 al reembolso del precio abonado, correspondiente a los productos devueltos por el usuario. En caso de devoluci\u00f3n por desistimiento, Bodega LAUS no har\u00e1 frente a los costes de env\u00edo ni devoluci\u00f3n.<\/p>\n<p>En caso de no ajustarse a los requisitos incluidos en las presentes Condiciones Generales, el usuario no tendr\u00e1 derecho a reembolso de cantidad alguna.<\/p>\n<p>Si se tratase de una devoluci\u00f3n parcial, se le reembolsar\u00e1 al usuario la cantidad correspondiente por los productos devueltos.<\/p>\n<p>Bodega LAUS proceder\u00e1 a la devoluci\u00f3n del pedido mediante el mismo m\u00e9todo de pago utilizado por el usuario para la adquisici\u00f3n, o en caso de no ser posible, por uno elegido por la bodega que garantice la indemnidad del usuario, en un plazo de 20 d\u00edas desde la recogida del producto y tras la comprobaci\u00f3n pertinente del estado de dicho producto.<\/p>\n<h5>Condiciones de las entradas para la visita a bodega<\/h5>\n<p>La tenencia de entradas que impliquen la visita a Bodega LAUS entra\u00f1ar\u00e1 la aceptaci\u00f3n de las siguientes condiciones:<\/p>\n<p><b>1.<\/b>\u00a0Las entradas disponen de diferentes sistemas de seguridad. La admisi\u00f3n queda supeditada al hecho de disponer de la entrada completa en buenas condiciones. Toda entrada enmendada, rota o sospechosa de falsificaci\u00f3n autorizar\u00e1 a Bodega LAUS a privar del acceso al portador de la misma. La Bodega no garantiza la autenticidad de la entrada si no ha sido adquirida a trav\u00e9s de la web de Bodega LAUS. No est\u00e1 permitida la reventa de esta entrada.<\/p>\n<p><b>2.<\/b>\u00a0Esta entrada constituye una licencia al portador para visitar Bodega LAUS y acceder por una sola vez a la misma. Es potestad del Organizador permitir la entrada del portador una vez comenzada la visita, ofreci\u00e9ndose en tal caso la posibilidad de formar parte de otra visita posterior de acuerdo a los horarios de Bodega LAUS, y siempre que la disponibilidad lo permita.<\/p>\n<p><b>3.<\/b>\u00a0Una vez adquirida la entrada no ser\u00e1 cambiada ni devuelto su importe, excepto en caso de cancelaci\u00f3n del evento. En caso de anulaci\u00f3n total del acto o del cambio de fecha del mismo, Bodega LAUS se compromete a la devoluci\u00f3n del importe de esta entrada. La devoluci\u00f3n, en caso de cancelaci\u00f3n, se podr\u00e1 efectuar por el Organizador dentro del plazo de 15 d\u00edas desde la celebraci\u00f3n prevista. Las malas condiciones climatol\u00f3gicas y los cambios de horario solicitados por el usuario no dan derecho a devoluci\u00f3n del importe de la entrada.<\/p>\n<p><b>4.<\/b>\u00a0Se reserva el derecho de admisi\u00f3n, condicionado al hecho de disponer de esta entrada completa y en buenas condiciones y de que el portador asuma y se obligue a respetar las normas de Bodega LAUS y de sus empleados, as\u00ed como cualquier condici\u00f3n exigible por motivos de seguridad general.<\/p>\n<p><b>5.<\/b>\u00a0Hall\u00e1ndose reservado el derecho de admisi\u00f3n, Bodega LAUS podr\u00e1 denegar el acceso a la misma o expulsar del recinto al portador en caso de incumplimiento de las indicaciones del personal de la organizaci\u00f3n, as\u00ed como en caso de que pueda racionalmente presumirse que se va a crear una situaci\u00f3n de riesgo o peligro para el propio portador u otros asistentes, de alboroto o por estados de intoxicaci\u00f3n aparente o potencial, responsabiliz\u00e1ndose el portador en todos los casos por sus propias acciones y omisiones que causen lesiones a terceros o da\u00f1os materiales.<\/p>\n<p><b>6.<\/b>\u00a0Queda totalmente prohibida la entrada al recinto con bebidas o alimentos adquiridos fuera del mismo.<\/p>\n<p><b>7.<\/b>\u00a0Todos los intentos de estafa, allanamiento y \/o por da\u00f1os a la propiedad privada causados directa o indirectamente a Bodega LAUS, autorizan a esta a tomar las medidas legales, tanto civiles como penales que estime oportunas contra los causantes.<\/p>\n<p><b>8.<\/b>\u00a0Quedan reservados todos los derechos de imagen y de propiedad intelectual derivados del evento. El portador no podr\u00e1 en ninguna forma grabar ni reproducir los sonidos y\/o im\u00e1genes del evento ni de sus asistentes sin autorizaci\u00f3n escrita del Organizador.<\/p>\n<p><b>9.<\/b>\u00a0La posesi\u00f3n de esta entrada no da derecho a su poseedor o a terceros a utilizar la misma, o su contenido, con fines publicitarios, de marketing o de promoci\u00f3n (incluidos concursos, regalos y\/o sorteos), asociada al poseedor de la entrada o a un tercero. El incumplimiento de este punto obligar\u00e1 al anunciante y\/o usuario no autorizado habilitar\u00e1 a Bodega LAUS a efectuar reclamaciones por da\u00f1os y prejuicios generales.<\/p>\n<p><b>10.<\/b>\u00a0El acceso a Bodega LAUS comporta el consentimiento a ser tomado en fotograf\u00edas y otros medios de grabaci\u00f3n y\/o reproducci\u00f3n sin derecho a compensaci\u00f3n alguna por ello cualquiera que fuera su utilizaci\u00f3n posterior.<\/p>\n<p><b>11.<\/b>\u00a0Bodega LAUS garantiza la protecci\u00f3n de sus datos personales, y se reserva el derecho de utilizar los datos facilitados para mejorar el sistema de ventas y cualesquiera otro fin leg\u00edtimo. La raz\u00f3n por la cual se solicitan es agilizar el proceso de compra. Cualquier reclamaci\u00f3n deber\u00e1 acompa\u00f1arse obligatoriamente con la presentaci\u00f3n de esta entrada.<\/p>\n<p><b>12.<\/b>\u00a0Bodega LAUS en base a la tipolog\u00eda y\/o singularidad del mismo puede anular o modificar cualquiera de las anteriores condiciones, en cuyo caso lo pondr\u00e1 en conocimiento del p\u00fablico asistente por los canales que considere adecuados.<\/p>\n<h5><strong>Plataforma de resoluci\u00f3n de litigios en l\u00ednea\u00a0<\/strong><\/h5>\n<p>Conforme al art\u00edculo 14.1 del Reglamento 524\/2013 sobre resoluci\u00f3n de litigios en l\u00ednea en materia de consumo, le informamos de la existencia de una plataforma de resoluci\u00f3n de litigios en l\u00ednea facilitada por la Comisi\u00f3n Europea, as\u00ed como de la posibilidad de presentar su reclamaci\u00f3n a trav\u00e9s de la misma accediendo al siguiente enlace:<\/p>\n<p><a href=\"https:\/\/ec.europa.eu\/consumers\/odr\/main\/index.cfm?event=main.home.chooseLanguage\"><strong>https:\/\/ec.europa.eu\/consumers\/odr\/main\/index.cfm?event=main.home.chooseLanguage<\/strong><\/a><\/p>","protected":false},"excerpt":{"rendered":"<p>Condiciones generales de compra Objeto del contrato Las presentes Condiciones, tienen por objeto regular el acceso y el r\u00e9gimen de adquisici\u00f3n de los productos facilitados por Bodega LAUS al usuario a trav\u00e9s de su p\u00e1gina Web, constituyendo el marco jur\u00eddico que desarrolla la relaci\u00f3n contractual. Los productos y contenidos, ser\u00e1n los que se encuentren a [&hellip;]<\/p>\n","protected":false},"author":868,"featured_media":0,"parent":0,"menu_order":0,"comment_status":"closed","ping_status":"closed","template":"page_legal.php","meta":{"_acf_changed":false,"footnotes":""},"class_list":["post-779","page","type-page","status-publish","hentry"],"acf":[],"yoast_head":"<!-- This site is optimized with the Yoast SEO plugin v27.1.1 - https:\/\/yoast.com\/product\/yoast-seo-wordpress\/ -->\n<title>Condiciones de compra - Bodega LAUS \u00b7 Aromas del Somontano<\/title>\n<meta name=\"robots\" content=\"index, follow, max-snippet:-1, max-image-preview:large, max-video-preview:-1\" \/>\n<link rel=\"canonical\" href=\"https:\/\/old.bodegalaus.es\/fr\/condiciones-venta\/\" \/>\n<meta property=\"og:locale\" content=\"fr_FR\" \/>\n<meta property=\"og:type\" content=\"article\" \/>\n<meta property=\"og:title\" content=\"Condiciones de compra - Bodega LAUS \u00b7 Aromas del Somontano\" \/>\n<meta property=\"og:description\" content=\"Condiciones generales de compra Objeto del contrato Las presentes Condiciones, tienen por objeto regular el acceso y el r\u00e9gimen de adquisici\u00f3n de los productos facilitados por Bodega LAUS al usuario a trav\u00e9s de su p\u00e1gina Web, constituyendo el marco jur\u00eddico que desarrolla la relaci\u00f3n contractual. Los productos y contenidos, ser\u00e1n los que se encuentren a [&hellip;]\" \/>\n<meta property=\"og:url\" content=\"https:\/\/old.bodegalaus.es\/fr\/condiciones-venta\/\" \/>\n<meta property=\"og:site_name\" content=\"Bodega LAUS \u00b7 Aromas del Somontano\" \/>\n<meta property=\"article:modified_time\" content=\"2025-10-01T11:27:06+00:00\" \/>\n<meta name=\"twitter:card\" content=\"summary_large_image\" \/>\n<meta name=\"twitter:label1\" content=\"Dur\u00e9e de lecture estim\u00e9e\" \/>\n\t<meta name=\"twitter:data1\" content=\"9 minutes\" \/>\n<script type=\"application\/ld+json\" class=\"yoast-schema-graph\">{\"@context\":\"https:\/\/schema.org\",\"@graph\":[{\"@type\":\"WebPage\",\"@id\":\"https:\/\/old.bodegalaus.es\/condiciones-venta\/\",\"url\":\"https:\/\/old.bodegalaus.es\/condiciones-venta\/\",\"name\":\"Condiciones de compra - Bodega LAUS \u00b7 Aromas del Somontano\",\"isPartOf\":{\"@id\":\"https:\/\/old.bodegalaus.es\/#website\"},\"datePublished\":\"2021-02-09T16:30:48+00:00\",\"dateModified\":\"2025-10-01T11:27:06+00:00\",\"breadcrumb\":{\"@id\":\"https:\/\/old.bodegalaus.es\/condiciones-venta\/#breadcrumb\"},\"inLanguage\":\"fr-FR\",\"potentialAction\":[{\"@type\":\"ReadAction\",\"target\":[\"https:\/\/old.bodegalaus.es\/condiciones-venta\/\"]}]},{\"@type\":\"BreadcrumbList\",\"@id\":\"https:\/\/old.bodegalaus.es\/condiciones-venta\/#breadcrumb\",\"itemListElement\":[{\"@type\":\"ListItem\",\"position\":1,\"name\":\"Portada\",\"item\":\"https:\/\/old.bodegalaus.es\/\"},{\"@type\":\"ListItem\",\"position\":2,\"name\":\"Condiciones de compra\"}]},{\"@type\":\"WebSite\",\"@id\":\"https:\/\/old.bodegalaus.es\/#website\",\"url\":\"https:\/\/old.bodegalaus.es\/\",\"name\":\"Bodega LAUS \u00b7 Aromas del Somontano\",\"description\":\"Bodegas Laus fue fundada en el a\u00f1o 2002. La bodega es como una \u201cisla en el Somontano\u201d, rodeada de agua, vi\u00f1edos, flores, sol, aire...vida.\",\"potentialAction\":[{\"@type\":\"SearchAction\",\"target\":{\"@type\":\"EntryPoint\",\"urlTemplate\":\"https:\/\/old.bodegalaus.es\/?s={search_term_string}\"},\"query-input\":{\"@type\":\"PropertyValueSpecification\",\"valueRequired\":true,\"valueName\":\"search_term_string\"}}],\"inLanguage\":\"fr-FR\"}]}<\/script>\n<!-- \/ Yoast SEO plugin. -->","yoast_head_json":{"title":"Condiciones de compra - Bodega LAUS \u00b7 Aromas del Somontano","robots":{"index":"index","follow":"follow","max-snippet":"max-snippet:-1","max-image-preview":"max-image-preview:large","max-video-preview":"max-video-preview:-1"},"canonical":"https:\/\/old.bodegalaus.es\/fr\/condiciones-venta\/","og_locale":"fr_FR","og_type":"article","og_title":"Condiciones de compra - Bodega LAUS \u00b7 Aromas del Somontano","og_description":"Condiciones generales de compra Objeto del contrato Las presentes Condiciones, tienen por objeto regular el acceso y el r\u00e9gimen de adquisici\u00f3n de los productos facilitados por Bodega LAUS al usuario a trav\u00e9s de su p\u00e1gina Web, constituyendo el marco jur\u00eddico que desarrolla la relaci\u00f3n contractual. Los productos y contenidos, ser\u00e1n los que se encuentren a [&hellip;]","og_url":"https:\/\/old.bodegalaus.es\/fr\/condiciones-venta\/","og_site_name":"Bodega LAUS \u00b7 Aromas del Somontano","article_modified_time":"2025-10-01T11:27:06+00:00","twitter_card":"summary_large_image","twitter_misc":{"Dur\u00e9e de lecture estim\u00e9e":"9 minutes"},"schema":{"@context":"https:\/\/schema.org","@graph":[{"@type":"WebPage","@id":"https:\/\/old.bodegalaus.es\/condiciones-venta\/","url":"https:\/\/old.bodegalaus.es\/condiciones-venta\/","name":"Condiciones de compra - Bodega LAUS \u00b7 Aromas del Somontano","isPartOf":{"@id":"https:\/\/old.bodegalaus.es\/#website"},"datePublished":"2021-02-09T16:30:48+00:00","dateModified":"2025-10-01T11:27:06+00:00","breadcrumb":{"@id":"https:\/\/old.bodegalaus.es\/condiciones-venta\/#breadcrumb"},"inLanguage":"fr-FR","potentialAction":[{"@type":"ReadAction","target":["https:\/\/old.bodegalaus.es\/condiciones-venta\/"]}]},{"@type":"BreadcrumbList","@id":"https:\/\/old.bodegalaus.es\/condiciones-venta\/#breadcrumb","itemListElement":[{"@type":"ListItem","position":1,"name":"Portada","item":"https:\/\/old.bodegalaus.es\/"},{"@type":"ListItem","position":2,"name":"Condiciones de compra"}]},{"@type":"WebSite","@id":"https:\/\/old.bodegalaus.es\/#website","url":"https:\/\/old.bodegalaus.es\/","name":"Bodega LAUS \u00b7 Aromas del Somontano","description":"Bodegas Laus fue fundada en el a\u00f1o 2002. La bodega es como una \u201cisla en el Somontano\u201d, rodeada de agua, vi\u00f1edos, flores, sol, aire...vida.","potentialAction":[{"@type":"SearchAction","target":{"@type":"EntryPoint","urlTemplate":"https:\/\/old.bodegalaus.es\/?s={search_term_string}"},"query-input":{"@type":"PropertyValueSpecification","valueRequired":true,"valueName":"search_term_string"}}],"inLanguage":"fr-FR"}]}},"_links":{"self":[{"href":"https:\/\/old.bodegalaus.es\/fr\/wp-json\/wp\/v2\/pages\/779","targetHints":{"allow":["GET"]}}],"collection":[{"href":"https:\/\/old.bodegalaus.es\/fr\/wp-json\/wp\/v2\/pages"}],"about":[{"href":"https:\/\/old.bodegalaus.es\/fr\/wp-json\/wp\/v2\/types\/page"}],"author":[{"embeddable":true,"href":"https:\/\/old.bodegalaus.es\/fr\/wp-json\/wp\/v2\/users\/868"}],"replies":[{"embeddable":true,"href":"https:\/\/old.bodegalaus.es\/fr\/wp-json\/wp\/v2\/comments?post=779"}],"version-history":[{"count":12,"href":"https:\/\/old.bodegalaus.es\/fr\/wp-json\/wp\/v2\/pages\/779\/revisions"}],"predecessor-version":[{"id":8231,"href":"https:\/\/old.bodegalaus.es\/fr\/wp-json\/wp\/v2\/pages\/779\/revisions\/8231"}],"wp:attachment":[{"href":"https:\/\/old.bodegalaus.es\/fr\/wp-json\/wp\/v2\/media?parent=779"}],"curies":[{"name":"wp","href":"https:\/\/api.w.org\/{rel}","templated":true}]}}