{"id":783,"date":"2021-02-09T16:32:28","date_gmt":"2021-02-09T16:32:28","guid":{"rendered":"https:\/\/www.bodegalaus.es\/?page_id=783"},"modified":"2021-03-23T16:14:53","modified_gmt":"2021-03-23T16:14:53","slug":"cookies","status":"publish","type":"page","link":"https:\/\/old.bodegalaus.es\/fr\/cookies\/","title":{"rendered":"Cookies"},"content":{"rendered":"<h3 class=\"\">Cookies<\/h3>\n<p class=\"\"><b>\u00bfQu\u00e9 son las cookies?<\/b><br \/>\nUna cookie es un fichero que se descarga en su ordenador (o el dispositivo que utilice: smartphon, tablet, etc.) al acceder a determinadas p\u00e1ginas web. Las cookies permiten a una p\u00e1gina web, entre otras cosas, almacenar y recuperar informaci\u00f3n sobre los h\u00e1bitos y preferencias de navegaci\u00f3n de un usuario o de su equipo y, dependiendo de la informaci\u00f3n que contengan y de la forma en que utilice su equipo, pueden utilizarse para reconocer al usuario.<\/p>\n<p class=\"\"><b>\u00bfQu\u00e9 tipos de cookies utiliza esta p\u00e1gina web?<\/b><br \/>\n<strong>Cookies de an\u00e1lisis.<\/strong>\u00a0Son aqu\u00e9llas que bien tratadas por nosotros o por terceros, nos permiten cuantificar el n\u00famero de usuarios y as\u00ed realizar la medici\u00f3n y an\u00e1lisis estad\u00edstico de la utilizaci\u00f3n que hacen los usuarios del servicio ofertado. Para ello se analiza su navegaci\u00f3n en nuestra p\u00e1gina web con el fin de mejorar la oferta de productos o servicios que le ofrecemos. Para este cometido utilizamos las cookies del servicio de Google Analytics y facebook.<br \/>\n<strong>Cookies t\u00e9cnicas.<\/strong>\u00a0Son necesarias para la prestaci\u00f3n de determinados servicios solicitados expresamente por el usuario como acceso a zonas privadas, informaci\u00f3n de sesi\u00f3n, etc. Sin estas cookies no se podr\u00e1n ofrecer correctamente los servicios solicitados.<\/p>\n<p class=\"\"><b>\u00bfC\u00f3mo deshabilitar las Cookies?<\/b><br \/>\nUsted puede permitir, bloquear o eliminar las cookies instaladas en su equipo mediante la configuraci\u00f3n de las opciones o preferencias del navegador utilizado para acceder a la web. A continuaci\u00f3n le mostramos d\u00f3nde puede encontrar m\u00e1s informaci\u00f3n sobre los principales navegadores:<\/p>\n<p>&nbsp;<\/p>\n<p>Google Chrome. Para m\u00e1s informaci\u00f3n\u00a0<a class=\"sinlinea\" href=\"https:\/\/support.google.com\/chrome\/answer\/95647?hl=es\" target=\"_blank\" rel=\"noopener\">pulse aqu\u00ed<\/a><\/p>\n<p>Mozilla Firefox. Para m\u00e1s informaci\u00f3n\u00a0<a class=\"sinlinea\" href=\"https:\/\/support.mozilla.org\/t5\/Cookies-y-cach%C3%A9\/Cookies-informaci%C3%B3n-que-los-sitios-web-guardan-en-tu-equipo\/ta-p\/15851?redirectlocale=en-US&amp;redirectslug=Cookies\" target=\"_blank\" rel=\"noopener\">pulse aqu\u00ed<\/a><\/p>\n<p>Internet Explorer. Para m\u00e1s informaci\u00f3n\u00a0<a class=\"sinlinea\" href=\"http:\/\/windows.microsoft.com\/es-es\/internet-explorer\/delete-manage-cookies\" target=\"_blank\" rel=\"noopener\">pulse aqu\u00ed<\/a><\/p>\n<p>Safari. Para m\u00e1s informaci\u00f3n\u00a0<a class=\"sinlinea\" href=\"https:\/\/support.apple.com\/es-es\/HT201265\" target=\"_blank\" rel=\"noopener\">pulse aqu\u00ed<\/a><\/p>","protected":false},"excerpt":{"rendered":"<p>Cookies \u00bfQu\u00e9 son las cookies? Una cookie es un fichero que se descarga en su ordenador (o el dispositivo que utilice: smartphon, tablet, etc.) al acceder a determinadas p\u00e1ginas web. Las cookies permiten a una p\u00e1gina web, entre otras cosas, almacenar y recuperar informaci\u00f3n sobre los h\u00e1bitos y preferencias de navegaci\u00f3n de un usuario o [&hellip;]<\/p>\n","protected":false},"author":868,"featured_media":0,"parent":0,"menu_order":0,"comment_status":"closed","ping_status":"closed","template":"page_legal.php","meta":{"_acf_changed":false,"footnotes":""},"class_list":["post-783","page","type-page","status-publish","hentry"],"acf":[],"yoast_head":"<!-- This site is optimized with the Yoast SEO plugin v27.1.1 - https:\/\/yoast.com\/product\/yoast-seo-wordpress\/ -->\n<title>Cookies - Bodega LAUS \u00b7 Aromas del Somontano<\/title>\n<meta name=\"robots\" content=\"index, follow, max-snippet:-1, max-image-preview:large, max-video-preview:-1\" \/>\n<link rel=\"canonical\" href=\"https:\/\/old.bodegalaus.es\/fr\/cookies\/\" \/>\n<meta property=\"og:locale\" content=\"fr_FR\" \/>\n<meta property=\"og:type\" content=\"article\" \/>\n<meta property=\"og:title\" content=\"Cookies - Bodega LAUS \u00b7 Aromas del Somontano\" \/>\n<meta property=\"og:description\" content=\"Cookies \u00bfQu\u00e9 son las cookies? Una cookie es un fichero que se descarga en su ordenador (o el dispositivo que utilice: smartphon, tablet, etc.) al acceder a determinadas p\u00e1ginas web. Las cookies permiten a una p\u00e1gina web, entre otras cosas, almacenar y recuperar informaci\u00f3n sobre los h\u00e1bitos y preferencias de navegaci\u00f3n de un usuario o [&hellip;]\" \/>\n<meta property=\"og:url\" content=\"https:\/\/old.bodegalaus.es\/fr\/cookies\/\" \/>\n<meta property=\"og:site_name\" content=\"Bodega LAUS \u00b7 Aromas del Somontano\" \/>\n<meta property=\"article:modified_time\" content=\"2021-03-23T16:14:53+00:00\" \/>\n<meta name=\"twitter:card\" content=\"summary_large_image\" \/>\n<meta name=\"twitter:label1\" content=\"Dur\u00e9e de lecture estim\u00e9e\" \/>\n\t<meta name=\"twitter:data1\" content=\"2 minutes\" \/>\n<script type=\"application\/ld+json\" class=\"yoast-schema-graph\">{\"@context\":\"https:\/\/schema.org\",\"@graph\":[{\"@type\":\"WebPage\",\"@id\":\"https:\/\/old.bodegalaus.es\/cookies\/\",\"url\":\"https:\/\/old.bodegalaus.es\/cookies\/\",\"name\":\"Cookies - Bodega LAUS \u00b7 Aromas del Somontano\",\"isPartOf\":{\"@id\":\"https:\/\/old.bodegalaus.es\/#website\"},\"datePublished\":\"2021-02-09T16:32:28+00:00\",\"dateModified\":\"2021-03-23T16:14:53+00:00\",\"breadcrumb\":{\"@id\":\"https:\/\/old.bodegalaus.es\/cookies\/#breadcrumb\"},\"inLanguage\":\"fr-FR\",\"potentialAction\":[{\"@type\":\"ReadAction\",\"target\":[\"https:\/\/old.bodegalaus.es\/cookies\/\"]}]},{\"@type\":\"BreadcrumbList\",\"@id\":\"https:\/\/old.bodegalaus.es\/cookies\/#breadcrumb\",\"itemListElement\":[{\"@type\":\"ListItem\",\"position\":1,\"name\":\"Portada\",\"item\":\"https:\/\/old.bodegalaus.es\/\"},{\"@type\":\"ListItem\",\"position\":2,\"name\":\"Cookies\"}]},{\"@type\":\"WebSite\",\"@id\":\"https:\/\/old.bodegalaus.es\/#website\",\"url\":\"https:\/\/old.bodegalaus.es\/\",\"name\":\"Bodega LAUS \u00b7 Aromas del Somontano\",\"description\":\"Bodegas Laus fue fundada en el a\u00f1o 2002. La bodega es como una \u201cisla en el Somontano\u201d, rodeada de agua, vi\u00f1edos, flores, sol, aire...vida.\",\"potentialAction\":[{\"@type\":\"SearchAction\",\"target\":{\"@type\":\"EntryPoint\",\"urlTemplate\":\"https:\/\/old.bodegalaus.es\/?s={search_term_string}\"},\"query-input\":{\"@type\":\"PropertyValueSpecification\",\"valueRequired\":true,\"valueName\":\"search_term_string\"}}],\"inLanguage\":\"fr-FR\"}]}<\/script>\n<!-- \/ Yoast SEO plugin. -->","yoast_head_json":{"title":"Cookies - Bodega LAUS \u00b7 Aromas del Somontano","robots":{"index":"index","follow":"follow","max-snippet":"max-snippet:-1","max-image-preview":"max-image-preview:large","max-video-preview":"max-video-preview:-1"},"canonical":"https:\/\/old.bodegalaus.es\/fr\/cookies\/","og_locale":"fr_FR","og_type":"article","og_title":"Cookies - Bodega LAUS \u00b7 Aromas del Somontano","og_description":"Cookies \u00bfQu\u00e9 son las cookies? Una cookie es un fichero que se descarga en su ordenador (o el dispositivo que utilice: smartphon, tablet, etc.) al acceder a determinadas p\u00e1ginas web. Las cookies permiten a una p\u00e1gina web, entre otras cosas, almacenar y recuperar informaci\u00f3n sobre los h\u00e1bitos y preferencias de navegaci\u00f3n de un usuario o [&hellip;]","og_url":"https:\/\/old.bodegalaus.es\/fr\/cookies\/","og_site_name":"Bodega LAUS \u00b7 Aromas del Somontano","article_modified_time":"2021-03-23T16:14:53+00:00","twitter_card":"summary_large_image","twitter_misc":{"Dur\u00e9e de lecture estim\u00e9e":"2 minutes"},"schema":{"@context":"https:\/\/schema.org","@graph":[{"@type":"WebPage","@id":"https:\/\/old.bodegalaus.es\/cookies\/","url":"https:\/\/old.bodegalaus.es\/cookies\/","name":"Cookies - Bodega LAUS \u00b7 Aromas del Somontano","isPartOf":{"@id":"https:\/\/old.bodegalaus.es\/#website"},"datePublished":"2021-02-09T16:32:28+00:00","dateModified":"2021-03-23T16:14:53+00:00","breadcrumb":{"@id":"https:\/\/old.bodegalaus.es\/cookies\/#breadcrumb"},"inLanguage":"fr-FR","potentialAction":[{"@type":"ReadAction","target":["https:\/\/old.bodegalaus.es\/cookies\/"]}]},{"@type":"BreadcrumbList","@id":"https:\/\/old.bodegalaus.es\/cookies\/#breadcrumb","itemListElement":[{"@type":"ListItem","position":1,"name":"Portada","item":"https:\/\/old.bodegalaus.es\/"},{"@type":"ListItem","position":2,"name":"Cookies"}]},{"@type":"WebSite","@id":"https:\/\/old.bodegalaus.es\/#website","url":"https:\/\/old.bodegalaus.es\/","name":"Bodega LAUS \u00b7 Aromas del Somontano","description":"Bodegas Laus fue fundada en el a\u00f1o 2002. La bodega es como una \u201cisla en el Somontano\u201d, rodeada de agua, vi\u00f1edos, flores, sol, aire...vida.","potentialAction":[{"@type":"SearchAction","target":{"@type":"EntryPoint","urlTemplate":"https:\/\/old.bodegalaus.es\/?s={search_term_string}"},"query-input":{"@type":"PropertyValueSpecification","valueRequired":true,"valueName":"search_term_string"}}],"inLanguage":"fr-FR"}]}},"_links":{"self":[{"href":"https:\/\/old.bodegalaus.es\/fr\/wp-json\/wp\/v2\/pages\/783","targetHints":{"allow":["GET"]}}],"collection":[{"href":"https:\/\/old.bodegalaus.es\/fr\/wp-json\/wp\/v2\/pages"}],"about":[{"href":"https:\/\/old.bodegalaus.es\/fr\/wp-json\/wp\/v2\/types\/page"}],"author":[{"embeddable":true,"href":"https:\/\/old.bodegalaus.es\/fr\/wp-json\/wp\/v2\/users\/868"}],"replies":[{"embeddable":true,"href":"https:\/\/old.bodegalaus.es\/fr\/wp-json\/wp\/v2\/comments?post=783"}],"version-history":[{"count":4,"href":"https:\/\/old.bodegalaus.es\/fr\/wp-json\/wp\/v2\/pages\/783\/revisions"}],"predecessor-version":[{"id":1879,"href":"https:\/\/old.bodegalaus.es\/fr\/wp-json\/wp\/v2\/pages\/783\/revisions\/1879"}],"wp:attachment":[{"href":"https:\/\/old.bodegalaus.es\/fr\/wp-json\/wp\/v2\/media?parent=783"}],"curies":[{"name":"wp","href":"https:\/\/api.w.org\/{rel}","templated":true}]}}